{"id":6185,"date":"2017-05-03T13:01:23","date_gmt":"2017-05-03T11:01:23","guid":{"rendered":"http:\/\/www.reisetrottel.de\/?page_id=6185"},"modified":"2017-07-05T11:59:14","modified_gmt":"2017-07-05T09:59:14","slug":"reiseplanung","status":"publish","type":"page","link":"https:\/\/www.reisetrottel.de\/?page_id=6185","title":{"rendered":"Singapur \/ Indonesien"},"content":{"rendered":"<p><strong>Phase I: von Stralsund nach Bali<\/strong><\/p>\n<p style=\"text-align: justify;\">Los geht&#8217;s bereits am Freitag den 11. August. Mit gepackten Koffern mitten rein ins nieders\u00e4chsische Herz, konkret gesagt zum Flecken Greene. Hier in der Provinz wird quasi als symbolischer Aufbruchsakt am Samstag eine der gef\u00fcrchteten Cuba-Partys steigen.<\/p>\n<p><img loading=\"lazy\" decoding=\"async\" class=\"aligncenter size-full wp-image-6193\" src=\"https:\/\/www.reisetrottel.de\/wp-content\/uploads\/2017\/05\/greene_1.jpg\" alt=\"greene_1\" width=\"800\" height=\"370\" srcset=\"https:\/\/www.reisetrottel.de\/wp-content\/uploads\/2017\/05\/greene_1.jpg 800w, https:\/\/www.reisetrottel.de\/wp-content\/uploads\/2017\/05\/greene_1-300x139.jpg 300w, https:\/\/www.reisetrottel.de\/wp-content\/uploads\/2017\/05\/greene_1-768x355.jpg 768w\" sizes=\"auto, (max-width: 800px) 100vw, 800px\" \/><\/p>\n<p style=\"text-align: justify;\">Von Hamburg dann am Sonntag mit der FinnAir \u00fcber Helsinki nach Singapur. Hier Tags drauf angekommen sollten die Kopfschmerzen letztendlich verschwunden sein. F\u00fcrs hop-on hop-off Sightseeing und diverse Aktivit\u00e4ten sind zwei \u00dcbernachtungen im <span style=\"color: #008080;\"><a style=\"color: #008080;\" href=\"http:\/\/hotelboss.sg\" target=\"_blank\" rel=\"noopener\">Hotel Boss<\/a> <\/span>eingeplant. Nur am Rande sei bemerkt, dass der Start der Bundesligasaison 2017\/18 jetzt nur noch wenige Tage auf sich warten l\u00e4\u00dft.<\/p>\n<p><img loading=\"lazy\" decoding=\"async\" class=\"aligncenter size-full wp-image-6200\" src=\"https:\/\/www.reisetrottel.de\/wp-content\/uploads\/2017\/05\/singapur_1.jpg\" alt=\"singapur_1\" width=\"800\" height=\"340\" srcset=\"https:\/\/www.reisetrottel.de\/wp-content\/uploads\/2017\/05\/singapur_1.jpg 800w, https:\/\/www.reisetrottel.de\/wp-content\/uploads\/2017\/05\/singapur_1-300x128.jpg 300w, https:\/\/www.reisetrottel.de\/wp-content\/uploads\/2017\/05\/singapur_1-768x326.jpg 768w\" sizes=\"auto, (max-width: 800px) 100vw, 800px\" \/><\/p>\n<p style=\"text-align: justify;\">Weiter gen Osten geht&#8217;s am 16. August mit der AsiaAir nach Denpasar auf Bali und Weiterfahrt in den Nordosten der Insel, nahe Kubu. Im <span style=\"color: #008080;\"><a style=\"color: #008080;\" href=\"http:\/\/www.siddhartha-bali.com\/wp\/de\/\" target=\"_blank\" rel=\"noopener\">Hotel Siddhartha<\/a><\/span> mit angeschlossener Tauchbasis von Werner Lau sollten erstmal ein paar Eingew\u00f6hnungs-Tauchg\u00e4nge im Programmheft stehen. Nach 5 \u00dcbernachtungen geht&#8217;s f\u00fcr drei weitere in Richtung Inselmitte &#8211; nach Ubud, ins kulturelle Zentrum Balis.<\/p>\n<p><img loading=\"lazy\" decoding=\"async\" class=\"size-full wp-image-6204 aligncenter\" src=\"https:\/\/www.reisetrottel.de\/wp-content\/uploads\/2017\/05\/siddh_1a.jpg\" alt=\"Siddartha Resort Bali Werner Lau\" width=\"800\" height=\"358\" srcset=\"https:\/\/www.reisetrottel.de\/wp-content\/uploads\/2017\/05\/siddh_1a.jpg 800w, https:\/\/www.reisetrottel.de\/wp-content\/uploads\/2017\/05\/siddh_1a-300x134.jpg 300w, https:\/\/www.reisetrottel.de\/wp-content\/uploads\/2017\/05\/siddh_1a-768x344.jpg 768w\" sizes=\"auto, (max-width: 800px) 100vw, 800px\" \/><\/p>\n<p style=\"text-align: justify;\">Eingebucht im <span style=\"color: #008080;\"><a style=\"color: #008080;\" href=\"https:\/\/bisma-eight.com\/\" target=\"_blank\" rel=\"noopener\">Hotel Bisma Eight<\/a><\/span> f\u00e4llt die Wahl zwischen Tagesausflug, Tanzauff\u00fchrung oder Markt besuchen, einfach durch die Stra\u00dfen, die Reisfelder und den Affen-Urwald schlendern &#8230; und viel, viel indonesischem Essen.<\/p>\n<p style=\"text-align: justify;\">Um den kulturellen Topf auf den Deckel zu schie\u00dfen &#8211; oder umgekehrt &#8211; geht&#8217;s dann noch quasi abstechertechnisch mit dem Flieger \u00fcber Yogyakarta nach Borobudur. \u00dcbernachtet wird in Sichtweise des Tempels mit Blick auf das Tal in der <span style=\"color: #008080;\"><a style=\"color: #008080;\" href=\"https:\/\/villaborobudur.com\/\" target=\"_blank\" rel=\"noopener\">Villa Borobudur<\/a><\/span>.<\/p>\n<p><img loading=\"lazy\" decoding=\"async\" class=\"aligncenter size-full wp-image-6207\" src=\"https:\/\/www.reisetrottel.de\/wp-content\/uploads\/2017\/05\/Borobudur_1a.jpg\" alt=\"Borobudur_1a\" width=\"800\" height=\"340\" srcset=\"https:\/\/www.reisetrottel.de\/wp-content\/uploads\/2017\/05\/Borobudur_1a.jpg 800w, https:\/\/www.reisetrottel.de\/wp-content\/uploads\/2017\/05\/Borobudur_1a-300x128.jpg 300w, https:\/\/www.reisetrottel.de\/wp-content\/uploads\/2017\/05\/Borobudur_1a-768x326.jpg 768w\" sizes=\"auto, (max-width: 800px) 100vw, 800px\" \/><\/p>\n<p style=\"text-align: justify;\">Zur\u00fcck auf Bali haben wir die Insel Gili Air im Visier. Am Flughafen angekommen geht&#8217;s per Shuttel ca. 90 min nach Pedangbai mit stopover im <span style=\"color: #008080;\"><a style=\"color: #008080;\" href=\"http:\/\/www.bloolagoon.com\/Default.asp\" target=\"_blank\" rel=\"noopener\">Bloo Lagoon Village<\/a><\/span>. Am n\u00e4chsten Tag mit dem Speedboot auf die Insel mit drei \u00dcbernachtungen in der <span style=\"color: #008080;\"><a style=\"color: #008080;\" href=\"http:\/\/www.senang-villa.com\/\" target=\"_blank\" rel=\"noopener\">Senang Villa<\/a><\/span>.<\/p>\n<p style=\"text-align: justify;\">Hier beginnt dann langsam unsere Vorbereitungsphase f\u00fcr den 10t\u00e4gigen Taucht\u00f6rn Richtung Komodo. Sp\u00e4testens jetzt m\u00fcssen die dringlichsten Fragen gekl\u00e4rt sein. Gibt es genug Cola &amp; Eis auf dem Boot ? Wo besteht die letzte Gelegenheit, Havana zu kaufen ? Wo und wieviele Aschenbecher auf dem Boot ? Na, dann &#8230;<\/p>\n<p><img loading=\"lazy\" decoding=\"async\" class=\"aligncenter size-full wp-image-6209\" src=\"https:\/\/www.reisetrottel.de\/wp-content\/uploads\/2017\/05\/gili_air_1.jpg\" alt=\"gili_air_1\" width=\"800\" height=\"406\" srcset=\"https:\/\/www.reisetrottel.de\/wp-content\/uploads\/2017\/05\/gili_air_1.jpg 800w, https:\/\/www.reisetrottel.de\/wp-content\/uploads\/2017\/05\/gili_air_1-300x152.jpg 300w, https:\/\/www.reisetrottel.de\/wp-content\/uploads\/2017\/05\/gili_air_1-768x390.jpg 768w\" sizes=\"auto, (max-width: 800px) 100vw, 800px\" \/><\/p>\n<p>&nbsp;<\/p>\n","protected":false},"excerpt":{"rendered":"<p>Phase I: von Stralsund nach Bali Los geht&#8217;s bereits am Freitag den 11. August. Mit gepackten Koffern mitten rein ins nieders\u00e4chsische Herz, konkret gesagt zum Flecken Greene. Hier in der Provinz wird quasi als symbolischer Aufbruchsakt am Samstag eine der gef\u00fcrchteten Cuba-Partys steigen. Von Hamburg dann am Sonntag mit der FinnAir \u00fcber Helsinki nach Singapur. <span class=\"ellipsis\">&hellip;<\/span> <span class=\"more-link-wrap\"><a href=\"https:\/\/www.reisetrottel.de\/?page_id=6185\" class=\"more-link\"><span>Read More &rarr;<\/span><\/a><\/span><\/p>\n","protected":false},"author":2,"featured_media":0,"parent":0,"menu_order":0,"comment_status":"closed","ping_status":"closed","template":"","meta":{"ngg_post_thumbnail":0,"footnotes":""},"class_list":["post-6185","page","type-page","status-publish","hentry"],"_links":{"self":[{"href":"https:\/\/www.reisetrottel.de\/index.php?rest_route=\/wp\/v2\/pages\/6185","targetHints":{"allow":["GET"]}}],"collection":[{"href":"https:\/\/www.reisetrottel.de\/index.php?rest_route=\/wp\/v2\/pages"}],"about":[{"href":"https:\/\/www.reisetrottel.de\/index.php?rest_route=\/wp\/v2\/types\/page"}],"author":[{"embeddable":true,"href":"https:\/\/www.reisetrottel.de\/index.php?rest_route=\/wp\/v2\/users\/2"}],"replies":[{"embeddable":true,"href":"https:\/\/www.reisetrottel.de\/index.php?rest_route=%2Fwp%2Fv2%2Fcomments&post=6185"}],"version-history":[{"count":20,"href":"https:\/\/www.reisetrottel.de\/index.php?rest_route=\/wp\/v2\/pages\/6185\/revisions"}],"predecessor-version":[{"id":6403,"href":"https:\/\/www.reisetrottel.de\/index.php?rest_route=\/wp\/v2\/pages\/6185\/revisions\/6403"}],"wp:attachment":[{"href":"https:\/\/www.reisetrottel.de\/index.php?rest_route=%2Fwp%2Fv2%2Fmedia&parent=6185"}],"curies":[{"name":"wp","href":"https:\/\/api.w.org\/{rel}","templated":true}]}}