{"id":6404,"date":"2017-07-05T11:59:47","date_gmt":"2017-07-05T09:59:47","guid":{"rendered":"http:\/\/www.reisetrottel.de\/?page_id=6404"},"modified":"2017-08-03T15:46:03","modified_gmt":"2017-08-03T13:46:03","slug":"tauchsafari-komodo-maumere","status":"publish","type":"page","link":"https:\/\/www.reisetrottel.de\/?page_id=6404","title":{"rendered":"Tauchsafari Komodo \/ Maumere"},"content":{"rendered":"<p style=\"text-align: justify;\">Uns erwarten 10 tolle Tauchtage auf der <a href=\"http:\/\/www.ladydenok.com\" target=\"_blank\" rel=\"noopener\"><span style=\"color: #008080;\">Lady Denok<\/span><\/a>. Nachdem sich hoffentlich alle im Palm Beach Resort eingefunden haben &#8211; der Rest der Truppe landet gegen 17:30h in Denpasar &#8211; bleibt noch ein wenig Zeit zum Kennenlernen, shoppen und zum Abendessen. Ich gehe mal stark davon aus, dass wir an dieser Stelle bereits alle wesentliche Dinge am Mann haben: Rum, Zigaretten, Tauchgep\u00e4ck etc. Fehler wie die Nikotin-Unterversorgung im Amazonas Randgebiet sollten uns diesmal auf keinen Fall unterlaufen.<\/p>\n<p><img loading=\"lazy\" decoding=\"async\" class=\"aligncenter size-full wp-image-7191\" src=\"https:\/\/www.reisetrottel.de\/wp-content\/uploads\/2017\/07\/Kuta.jpg\" alt=\"\" width=\"800\" height=\"377\" srcset=\"https:\/\/www.reisetrottel.de\/wp-content\/uploads\/2017\/07\/Kuta.jpg 800w, https:\/\/www.reisetrottel.de\/wp-content\/uploads\/2017\/07\/Kuta-300x141.jpg 300w, https:\/\/www.reisetrottel.de\/wp-content\/uploads\/2017\/07\/Kuta-768x362.jpg 768w\" sizes=\"auto, (max-width: 800px) 100vw, 800px\" \/><\/p>\n<p style=\"text-align: justify;\">Fr\u00fch ins Bett oder Durchmachen ? Mal sehen ! Schlie\u00dflich geht es am n\u00e4chsten Morgen geschmeidig fr\u00fch wieder Richtung Flughafen. Der Inselhopper (Propellermaschine der heimischen Lion Air Gruppe) nach Labuan Bajo steigt bereits um 8h, da angekommen sind es dann aber nur ein paar Minuten (2 km) bist zum Starthafen.<\/p>\n<p><img loading=\"lazy\" decoding=\"async\" class=\"aligncenter size-full wp-image-7189\" src=\"https:\/\/www.reisetrottel.de\/wp-content\/uploads\/2017\/07\/Labuan_Bajo.jpg\" alt=\"\" width=\"800\" height=\"443\" srcset=\"https:\/\/www.reisetrottel.de\/wp-content\/uploads\/2017\/07\/Labuan_Bajo.jpg 800w, https:\/\/www.reisetrottel.de\/wp-content\/uploads\/2017\/07\/Labuan_Bajo-300x166.jpg 300w, https:\/\/www.reisetrottel.de\/wp-content\/uploads\/2017\/07\/Labuan_Bajo-768x425.jpg 768w\" sizes=\"auto, (max-width: 800px) 100vw, 800px\" \/><\/p>\n<p style=\"text-align: justify;\">Dann geht&#8217;s bestimmt gleich mit nem Dingi (kleines Beiboot) auf&#8217;s Segelschiff und wir k\u00f6nnen ordentlich die Aschenbecher durchz\u00e4hlen bzw. m\u00fcssen ausmessen, mit welchen Verrenkungen Konstantin noch gerade so unter die Kabinendusche passt.<\/p>\n<p><img loading=\"lazy\" decoding=\"async\" class=\"aligncenter size-full wp-image-7190\" src=\"https:\/\/www.reisetrottel.de\/wp-content\/uploads\/2017\/07\/LadyD.jpg\" alt=\"\" width=\"800\" height=\"417\" srcset=\"https:\/\/www.reisetrottel.de\/wp-content\/uploads\/2017\/07\/LadyD.jpg 800w, https:\/\/www.reisetrottel.de\/wp-content\/uploads\/2017\/07\/LadyD-300x156.jpg 300w, https:\/\/www.reisetrottel.de\/wp-content\/uploads\/2017\/07\/LadyD-768x400.jpg 768w\" sizes=\"auto, (max-width: 800px) 100vw, 800px\" \/><\/p>\n<p style=\"text-align: justify;\">Die Lady Denok ist ein 2016 fertiggestellter, traditioneller indonesischer Motorsegler (2-Master, 350 PS, 8 Knoten). Die indonesische Crew besteht aus ungef\u00e4hr 10 Mann: Kapit\u00e4n, Mechaniker, Koch, Deckhands, Kellner. Das Schiff hat 8 Kabinen und bietet mittlerweile f\u00fcr 14 Personen Platz. Es ist mit der neuesten Technik ausgestattet. Fast alle Kabinen verf\u00fcgen \u00fcber ein eigenes Bad, eine Klimaanlage und ein Bullauge. Im \u00dcbrigen gibt es zwei Beiboote, zwei Rettungsinseln und sogar eine Bibliothek an Bord.<\/p>\n<p><img loading=\"lazy\" decoding=\"async\" class=\"aligncenter size-full wp-image-7196\" src=\"https:\/\/www.reisetrottel.de\/wp-content\/uploads\/2017\/07\/LadyD_1.jpg\" alt=\"\" width=\"800\" height=\"438\" srcset=\"https:\/\/www.reisetrottel.de\/wp-content\/uploads\/2017\/07\/LadyD_1.jpg 800w, https:\/\/www.reisetrottel.de\/wp-content\/uploads\/2017\/07\/LadyD_1-300x164.jpg 300w, https:\/\/www.reisetrottel.de\/wp-content\/uploads\/2017\/07\/LadyD_1-768x420.jpg 768w\" sizes=\"auto, (max-width: 800px) 100vw, 800px\" \/><\/p>\n<p style=\"text-align: justify;\">Am ersten Tag geht&#8217;s zum Eingew\u00f6hnungstauchgang, Material checken, Bleimenge festlegen und mal schaun, was man so alles verlernt hat. Wir beabsichtigen ja bereits auf Bali zu Tauchen und sollten hoffentlich keine Probleme bekommen. Vorgesehen sind dann pro Tag 3-4 Tauchg\u00e4nge an exponierten Orten. Wir behalten uns an dieser Stelle mal ausdr\u00fccklich etwas Zur\u00fcckhaltung vor. Auch sind diverse Ausfl\u00fcge geplant, nicht zuletzt auf dem Dragon-Walk zu den Komodowaranen.<\/p>\n<p><img loading=\"lazy\" decoding=\"async\" class=\"aligncenter size-full wp-image-7197\" src=\"https:\/\/www.reisetrottel.de\/wp-content\/uploads\/2017\/07\/komodowaran.jpg\" alt=\"\" width=\"800\" height=\"450\" srcset=\"https:\/\/www.reisetrottel.de\/wp-content\/uploads\/2017\/07\/komodowaran.jpg 800w, https:\/\/www.reisetrottel.de\/wp-content\/uploads\/2017\/07\/komodowaran-300x169.jpg 300w, https:\/\/www.reisetrottel.de\/wp-content\/uploads\/2017\/07\/komodowaran-768x432.jpg 768w\" sizes=\"auto, (max-width: 800px) 100vw, 800px\" \/><\/p>\n<p style=\"text-align: justify;\">Komodos Unterwasserwelt beheimatet \u00fcber 260 Korallenarten, 70 Arten von Schw\u00e4mmen und \u00fcber 1000 Fischarten. Vielleicht sehen wir dort Mantarochen, Mondfische, Zwergseepferdchen, Geisterpfeiffenfische, blaugeringelte Oktopuse, Adlerrochen und sogar Delfine. Zahlreiche Arten werden durch starke Str\u00f6mungen, verursacht durch den Gezeitenwechsel und dem kalten aufsteigendem Tiefenwasser, welches N\u00e4hrstoffe und Planktonorganismen mit sich bringt, angelockt. Diese wiederum helfen den Korallen sich zu regenerieren und sorgen f\u00fcr ein intaktes \u00d6kosystem.<\/p>\n<p><img loading=\"lazy\" decoding=\"async\" class=\"aligncenter size-full wp-image-7198\" src=\"https:\/\/www.reisetrottel.de\/wp-content\/uploads\/2017\/07\/Rochen1.jpg\" alt=\"\" width=\"800\" height=\"416\" srcset=\"https:\/\/www.reisetrottel.de\/wp-content\/uploads\/2017\/07\/Rochen1.jpg 800w, https:\/\/www.reisetrottel.de\/wp-content\/uploads\/2017\/07\/Rochen1-300x156.jpg 300w, https:\/\/www.reisetrottel.de\/wp-content\/uploads\/2017\/07\/Rochen1-768x399.jpg 768w\" sizes=\"auto, (max-width: 800px) 100vw, 800px\" \/><\/p>\n<p style=\"text-align: justify;\">Ahoi ! Mal sehen, ob wir irgendwann mal Online sind und sogar von Unterwegs bereits etwas berichten k\u00f6nnen &#8230;<\/p>\n<p>&nbsp;<\/p>\n","protected":false},"excerpt":{"rendered":"<p>Uns erwarten 10 tolle Tauchtage auf der Lady Denok. Nachdem sich hoffentlich alle im Palm Beach Resort eingefunden haben &#8211; der Rest der Truppe landet gegen 17:30h in Denpasar &#8211; bleibt noch ein wenig Zeit zum Kennenlernen, shoppen und zum Abendessen. Ich gehe mal stark davon aus, dass wir an dieser Stelle bereits alle wesentliche <span class=\"ellipsis\">&hellip;<\/span> <span class=\"more-link-wrap\"><a href=\"https:\/\/www.reisetrottel.de\/?page_id=6404\" class=\"more-link\"><span>Read More &rarr;<\/span><\/a><\/span><\/p>\n","protected":false},"author":2,"featured_media":0,"parent":0,"menu_order":0,"comment_status":"closed","ping_status":"closed","template":"","meta":{"ngg_post_thumbnail":0,"footnotes":""},"class_list":["post-6404","page","type-page","status-publish","hentry"],"_links":{"self":[{"href":"https:\/\/www.reisetrottel.de\/index.php?rest_route=\/wp\/v2\/pages\/6404","targetHints":{"allow":["GET"]}}],"collection":[{"href":"https:\/\/www.reisetrottel.de\/index.php?rest_route=\/wp\/v2\/pages"}],"about":[{"href":"https:\/\/www.reisetrottel.de\/index.php?rest_route=\/wp\/v2\/types\/page"}],"author":[{"embeddable":true,"href":"https:\/\/www.reisetrottel.de\/index.php?rest_route=\/wp\/v2\/users\/2"}],"replies":[{"embeddable":true,"href":"https:\/\/www.reisetrottel.de\/index.php?rest_route=%2Fwp%2Fv2%2Fcomments&post=6404"}],"version-history":[{"count":8,"href":"https:\/\/www.reisetrottel.de\/index.php?rest_route=\/wp\/v2\/pages\/6404\/revisions"}],"predecessor-version":[{"id":7200,"href":"https:\/\/www.reisetrottel.de\/index.php?rest_route=\/wp\/v2\/pages\/6404\/revisions\/7200"}],"wp:attachment":[{"href":"https:\/\/www.reisetrottel.de\/index.php?rest_route=%2Fwp%2Fv2%2Fmedia&parent=6404"}],"curies":[{"name":"wp","href":"https:\/\/api.w.org\/{rel}","templated":true}]}}