{"id":8393,"date":"2019-05-09T22:55:50","date_gmt":"2019-05-09T20:55:50","guid":{"rendered":"http:\/\/www.reisetrottel.de\/?page_id=8393"},"modified":"2019-07-10T16:07:55","modified_gmt":"2019-07-10T14:07:55","slug":"reisedaten","status":"publish","type":"page","link":"https:\/\/www.reisetrottel.de\/?page_id=8393","title":{"rendered":"USA Reisedaten"},"content":{"rendered":"<p><strong>10.Juli <\/strong><\/p>\n<p>Abfahrt fr\u00fchmorgens mit dem Zug nach Hamburg<\/p>\n<p>anschlie\u00dfend Flug &#8211; \u00fcber Frankfurt und Calgary &#8211; nach Vancouver<\/p>\n<p><strong>10. bis 12. Juli<\/strong><\/p>\n<p>Vancouver<strong> <\/strong><a rel=\"noreferrer noopener\" aria-label=\"Hotel Blue Horizon (\u00f6ffnet in neuem Tab)\" href=\"https:\/\/bluehorizonhotel.com\/\" target=\"_blank\"><strong>Hotel Blue Horizon<\/strong><\/a><\/p>\n<p><strong>12. Juli<\/strong><\/p>\n<p>Flug nach San Francisco<\/p>\n<p><strong>12. bis 15. Juli<\/strong><\/p>\n<p>San Francisco <strong><a href=\"https:\/\/www.hyatt.com\/en-US\/hotel\/california\/hyatt-regency-san-francisco\/sfors?src=corp_lclb_gmb_seo_nam_sfors\" target=\"_blank\" rel=\"noreferrer noopener\" aria-label=\"Hotel Hyatt Regency (\u00f6ffnet in neuem Tab)\">Hotel Hyatt Regency<\/a><\/strong><\/p>\n<p><strong>15. Juli<\/strong><\/p>\n<p>Flug nach Las Vegas<\/p>\n<p>Las Vegas<strong> <\/strong><a rel=\"noreferrer noopener\" aria-label=\"Hotel Bellagio (\u00f6ffnet in neuem Tab)\" href=\"https:\/\/bellagio.mgmresorts.com\/en.html\" target=\"_blank\"><strong>Hotel Bellagio<\/strong><\/a><\/p>\n<p>16. bis 20. Juli<\/p>\n<p>Auto-Rundreise Grand Canyon, Monument Valley, Mesa Verde, Taos &#8230;<\/p>\n<p>Grand Canyon <a rel=\"noreferrer noopener\" aria-label=\"Grand Hotel (\u00f6ffnet in neuem Tab)\" href=\"https:\/\/www.grandcanyongrandhotel.com\/\" target=\"_blank\"><strong>Grand Hotel<\/strong><\/a><\/p>\n<p>Monument Valley <a rel=\"noreferrer noopener\" aria-label=\"Goulding's Lodge (\u00f6ffnet in neuem Tab)\" href=\"https:\/\/gouldings.com\/\" target=\"_blank\"><strong>Goulding&#8217;s Lodge<\/strong><\/a><\/p>\n<p>Hotel Santa Fe N.N.<\/p>\n<p>20. bis 25. Juli<\/p>\n<p><strong><a href=\"https:\/\/www.creek-ranch.com\/\" target=\"_blank\" rel=\"noreferrer noopener\" aria-label=\"Creek Ranch Puerto del Luna (\u00f6ffnet in neuem Tab)\">Creek Ranch Puerto del Luna<\/a><\/strong><\/p>\n<p>25. Juli<\/p>\n<p>Flug Albuquerque &#8211; New York<\/p>\n<p>25. bis 29. Juli <\/p>\n<p>New York <strong><a href=\"https:\/\/www.hotelindigolowereastside.com\/\" target=\"_blank\" rel=\"noreferrer noopener\" aria-label=\"Hotel Indigo Lower Eas Side (\u00f6ffnet in neuem Tab)\">Hotel Indigo Lower Eas Side<\/a><\/strong><\/p>\n<p>29. Juli<\/p>\n<p>Flug NYC &#8211;  \u00fcber Lissabon &#8211; nach Hamburg<\/p>\n<p>Zug nach Stralsund<\/p>\n","protected":false},"excerpt":{"rendered":"<p>10.Juli Abfahrt fr\u00fchmorgens mit dem Zug nach Hamburg anschlie\u00dfend Flug &#8211; \u00fcber Frankfurt und Calgary &#8211; nach Vancouver 10. bis 12. Juli Vancouver Hotel Blue Horizon 12. Juli Flug nach San Francisco 12. bis 15. Juli San Francisco Hotel Hyatt Regency 15. Juli Flug nach Las Vegas Las Vegas Hotel Bellagio 16. bis 20. Juli <span class=\"ellipsis\">&hellip;<\/span> <span class=\"more-link-wrap\"><a href=\"https:\/\/www.reisetrottel.de\/?page_id=8393\" class=\"more-link\"><span>Read More &rarr;<\/span><\/a><\/span><\/p>\n","protected":false},"author":4,"featured_media":0,"parent":0,"menu_order":0,"comment_status":"closed","ping_status":"closed","template":"","meta":{"ngg_post_thumbnail":0,"footnotes":""},"class_list":["post-8393","page","type-page","status-publish","hentry"],"_links":{"self":[{"href":"https:\/\/www.reisetrottel.de\/index.php?rest_route=\/wp\/v2\/pages\/8393","targetHints":{"allow":["GET"]}}],"collection":[{"href":"https:\/\/www.reisetrottel.de\/index.php?rest_route=\/wp\/v2\/pages"}],"about":[{"href":"https:\/\/www.reisetrottel.de\/index.php?rest_route=\/wp\/v2\/types\/page"}],"author":[{"embeddable":true,"href":"https:\/\/www.reisetrottel.de\/index.php?rest_route=\/wp\/v2\/users\/4"}],"replies":[{"embeddable":true,"href":"https:\/\/www.reisetrottel.de\/index.php?rest_route=%2Fwp%2Fv2%2Fcomments&post=8393"}],"version-history":[{"count":13,"href":"https:\/\/www.reisetrottel.de\/index.php?rest_route=\/wp\/v2\/pages\/8393\/revisions"}],"predecessor-version":[{"id":8457,"href":"https:\/\/www.reisetrottel.de\/index.php?rest_route=\/wp\/v2\/pages\/8393\/revisions\/8457"}],"wp:attachment":[{"href":"https:\/\/www.reisetrottel.de\/index.php?rest_route=%2Fwp%2Fv2%2Fmedia&parent=8393"}],"curies":[{"name":"wp","href":"https:\/\/api.w.org\/{rel}","templated":true}]}}