{"id":9296,"date":"2022-08-19T23:05:56","date_gmt":"2022-08-19T21:05:56","guid":{"rendered":"https:\/\/www.reisetrottel.de\/?page_id=9296"},"modified":"2022-09-14T13:21:03","modified_gmt":"2022-09-14T11:21:03","slug":"anfahrt","status":"publish","type":"page","link":"https:\/\/www.reisetrottel.de\/?page_id=9296","title":{"rendered":"Anfahrt"},"content":{"rendered":"<p>Mit dem Flugzeug gelangt man am besten von Johannesburg (JNB) in ca. 2 Stunden \u00fcber Plettenberg oder George nach Knysna. Plettenberg liegt zwar n\u00e4her (ca 30km), daf\u00fcr gibt es meistens nur eine Verbindung am Tag und die Beschaffung eines Mietwagens gestaltet sich schwieriger. George hat einen Regionalflughafen und liegt ca. 60 km westlich von Knysna.<\/p>\n<p>Vom Flughafen Plettenberg (PBZ) erreicht man \u00fcber die Robberg bzw. Airport Road die N2. In westliche Richtung f\u00fchrt die N2 nun schnurstrax nach Knysna, wo man nur noch die richtige Ausfahrt (The Heads) treffen muss. Hinweis: Bei den Townships geht&#8217;s bergab und man nimmt im Tal die Erste links &#8211; sieht man links hinter der Caltex Tankstelle Elses Sparmarkt, ist man zu weit gefahren.<\/p>\n<\/p>\n<p>xxx<\/p>\n<\/p>\n<p>vom Flughafen George (GRJ)<\/p><\/p>\n","protected":false},"excerpt":{"rendered":"<p>Mit dem Flugzeug gelangt man am besten von Johannesburg (JNB) in ca. 2 Stunden \u00fcber Plettenberg oder George nach Knysna. Plettenberg liegt zwar n\u00e4her (ca 30km), daf\u00fcr gibt es meistens nur eine Verbindung am Tag und die Beschaffung eines Mietwagens gestaltet sich schwieriger. George hat einen Regionalflughafen und liegt ca. 60 km westlich von Knysna. <span class=\"ellipsis\">&hellip;<\/span> <span class=\"more-link-wrap\"><a href=\"https:\/\/www.reisetrottel.de\/?page_id=9296\" class=\"more-link\"><span>Read More &rarr;<\/span><\/a><\/span><\/p>\n","protected":false},"author":2,"featured_media":0,"parent":0,"menu_order":0,"comment_status":"closed","ping_status":"closed","template":"","meta":{"ngg_post_thumbnail":0,"footnotes":""},"class_list":["post-9296","page","type-page","status-publish","hentry"],"_links":{"self":[{"href":"https:\/\/www.reisetrottel.de\/index.php?rest_route=\/wp\/v2\/pages\/9296","targetHints":{"allow":["GET"]}}],"collection":[{"href":"https:\/\/www.reisetrottel.de\/index.php?rest_route=\/wp\/v2\/pages"}],"about":[{"href":"https:\/\/www.reisetrottel.de\/index.php?rest_route=\/wp\/v2\/types\/page"}],"author":[{"embeddable":true,"href":"https:\/\/www.reisetrottel.de\/index.php?rest_route=\/wp\/v2\/users\/2"}],"replies":[{"embeddable":true,"href":"https:\/\/www.reisetrottel.de\/index.php?rest_route=%2Fwp%2Fv2%2Fcomments&post=9296"}],"version-history":[{"count":9,"href":"https:\/\/www.reisetrottel.de\/index.php?rest_route=\/wp\/v2\/pages\/9296\/revisions"}],"predecessor-version":[{"id":9507,"href":"https:\/\/www.reisetrottel.de\/index.php?rest_route=\/wp\/v2\/pages\/9296\/revisions\/9507"}],"wp:attachment":[{"href":"https:\/\/www.reisetrottel.de\/index.php?rest_route=%2Fwp%2Fv2%2Fmedia&parent=9296"}],"curies":[{"name":"wp","href":"https:\/\/api.w.org\/{rel}","templated":true}]}}