{"id":9827,"date":"2023-03-15T06:25:20","date_gmt":"2023-03-15T05:25:20","guid":{"rendered":"https:\/\/www.reisetrottel.de\/?page_id=9827"},"modified":"2023-03-15T15:13:17","modified_gmt":"2023-03-15T14:13:17","slug":"kapstadt","status":"publish","type":"page","link":"https:\/\/www.reisetrottel.de\/?page_id=9827","title":{"rendered":"Kapstadt"},"content":{"rendered":"<p>things to do &#8230;<\/p>\n<p><strong>Tafelberg:<\/strong><\/p>\n<p>Fahrtzeiten der Cabelway und die zugeh\u00f6rigen Tickets (webtickets by Pick &amp; Pay &#8211; ca. 20\u20ac p.P.) gibt es auf  <a rel=\"noreferrer noopener\" href=\"https:\/\/tablemountain.net\/\" target=\"_blank\"><strong><font><font color=\"blue\">tablemountain.net<\/font><\/font><\/strong><\/a><font>. Hier sieht man auch, ob die Seilbahn bei Wind \u00fcberhaupt f\u00e4hrt. Mit Uber kommt man von jedem Stadtteil schnell und g\u00fcnstig zur Talstation &#8211; und zur\u00fcck. <\/font>Es<font> gibt bergauf gew\u00f6hnlich zwei Schlangen: Eine mit und eine ohne Tickets. Je fr\u00fcher &#8211; am besten bevor die ersten Hop-On\/Off Busse kommen &#8211; und bereits mit Fahrerlaubnis ist deutliche Entspannung<\/font> angesagt.<\/p>\n<p>Man kann nat\u00fcrlich auch zu Fu\u00df hochkraxeln. Der bekannteste und gleichzeitig auch langweiligste Aufstieg (Platteklip Gorge) beginnt ca. 1,5km hinter der Talstation. Die 650 H\u00f6henmeter schafft man gut in ca. 3h.<\/p>\n<p><strong>Tagesausflug zum Cap:<\/strong><\/p>\n<p>Prinzipiell stehen mehrere Ausflugsm\u00f6glichkeiten zur Verf\u00fcgung, z.B. eine Tour in die angrenzenden Weinregionen (Stellenbosch, Franschhoek), \u00dcberfahrt von der Waterfront nach Robben Island, Hubschrauberrundfl\u00fcge oder eben eine Fahrt zum s\u00fcdlichen Kap.<\/p>\n<p>Alle Fahrten sind beispielsweise \u00fcber Tripadvisor oder lokale B\u00fcros buchbar. Hier ist man aber an die Zw\u00e4nge einer ganzen Reisegruppe inklusive nerviger bzw. \u00fcberfl\u00fcssiger Fotostopps gebunden. Bequemer und preislich \u00e4hnlich oder g\u00fcnstiger ist es, einen <a rel=\"noreferrer noopener\" href=\"https:\/\/www.reisetrottel.de\/?p=9837\" target=\"_blank\"><font><font color=\"blue\"><strong>Privatfahrer<\/strong><\/font><\/font><\/a><font> (absolute Empfehlung !) zu nehmen. Ihm kann man dann sagen, wo und wie lange der n\u00e4chste Stopp sein soll. Meist gibt&#8217;s vom Fahrer schon eine vorgeschlagene W\u00e4scheliste &#8230;<\/font><\/p>\n<p>Die g\u00e4ngigste Variante:<\/p>\n<p>Vorbei am Stadtviertel <strong>Bo-kaap<\/strong>,  Bantry Bay  und Clifton geht&#8217;s nach <strong>Camp&#8217;s Bay<\/strong> Beach (Beverly Hills von Kapstadt mit der Aussicht auf die zw\u00f6lf Apostel).<\/p>\n<p>Dann 15 Minuten von Camps Bay \u00fcber kurvige Bergstrassen zum K\u00fcstenort <strong>Hout Bay<\/strong>. M\u00f6glichkeit am Hafen:  40-min\u00fctige Bootsfahrt zu einer Insel, die von mehr als 5.000 Kap-Pelzrobben bewohnt wird. <\/p>\n<p>Wenn man Hout Bay verl\u00e4sst, f\u00e4hrt man auf den weltber\u00fchmten, 9km langen <strong>Chapman&#8217;s Peak Drive<\/strong>. Eine Bergstra\u00dfe, die lokal als Chapies bekannt ist.  <\/p>\n<p>Man kommt so langsam Richtung <strong>Kap der guten Hoffnung<\/strong> (Eintritt Naturschutzpark ca. 20\u20ac p.P.) . Stop am Cape Point Lighthouse: Zu Fuss oder mit der Standseilbahn (Hin und R\u00fcck ca. 5\u20ac p.P.) zum dritt\u00e4ltesten Leuchtturm S\u00fcdafrikas &#8211; mit einem 360-Grad-Blick auf den Nationalpark und einem Top Restaurant f\u00fcr&#8217;s Mittagessen (leckeres H\u00fchnchen !).  Next (Foto)Stop ist abschlie\u00dfend obligatorisch nat\u00fcrlich noch das Cap der guten Hoffnung.<\/p>\n<p>Je nach Reiseroute vor oder nach dem Cap: <strong>Boulders Beach<\/strong> Penguin Colony (Eintritt ca. 10\u20ac p.P.). Auf zwei unabh\u00e4ngigen Pfaden l\u00e4sst sich eine gro\u00dfe Gruppe des afrikanischen Pinguins am Strand beobachten. Zus\u00e4tzlich gibt&#8217;s auf dem Weg Getr\u00e4nke, Eis, Postkarten etc. <\/p>\n<p>Zur\u00fcck geht&#8217;s noch vorbei am Strand von <strong>Muizenberg<\/strong> &#8211; auch als &#8222;The Surfers Corner&#8220; bekannt. Bunte Umkleidekabinen am Strand sorgen f\u00fcr ein tolles Fotoshooting. <\/p>\n<\/p>\n<p><strong>Essen\/Trinken<\/strong><\/p>\n<p><a rel=\"noreferrer noopener\" href=\"https:\/\/causeandeffect.co.za\/\" target=\"_blank\"><strong><font color=\"blue\">Cause Effect<\/font><\/strong><\/a>: extrem ausgefallene Cocktails (z.B. Larry &#8211; the no-Drama LLama) &amp; mehr direkt an der Waterfront<\/p>\n<p><a rel=\"noreferrer noopener\" href=\"https:\/\/denanker.co.za\/\" target=\"_blank\"><strong><font color=\"blue\">Den Anker<\/font><\/strong><\/a>: lecker Essen (innen &amp; au\u00dfen) an der Waterfront mit Blick auf den Tafelberg \/ m\u00f6glichst reservieren<\/p>\n<p><a rel=\"noreferrer noopener\" href=\"https:\/\/bukhara.com\/haiku\/\" target=\"_blank\"><strong><font color=\"blue\">Haiku<\/font><\/strong><\/a>: netter Asiate unweit vom Greenmarket Square<\/p><\/p>\n","protected":false},"excerpt":{"rendered":"<p>things to do &#8230; Tafelberg: Fahrtzeiten der Cabelway und die zugeh\u00f6rigen Tickets (webtickets by Pick &amp; Pay &#8211; ca. 20\u20ac p.P.) gibt es auf tablemountain.net. Hier sieht man auch, ob die Seilbahn bei Wind \u00fcberhaupt f\u00e4hrt. Mit Uber kommt man von jedem Stadtteil schnell und g\u00fcnstig zur Talstation &#8211; und zur\u00fcck. Es gibt bergauf gew\u00f6hnlich <span class=\"ellipsis\">&hellip;<\/span> <span class=\"more-link-wrap\"><a href=\"https:\/\/www.reisetrottel.de\/?page_id=9827\" class=\"more-link\"><span>Read More &rarr;<\/span><\/a><\/span><\/p>\n","protected":false},"author":2,"featured_media":0,"parent":0,"menu_order":0,"comment_status":"closed","ping_status":"closed","template":"","meta":{"ngg_post_thumbnail":0,"footnotes":""},"class_list":["post-9827","page","type-page","status-publish","hentry"],"_links":{"self":[{"href":"https:\/\/www.reisetrottel.de\/index.php?rest_route=\/wp\/v2\/pages\/9827","targetHints":{"allow":["GET"]}}],"collection":[{"href":"https:\/\/www.reisetrottel.de\/index.php?rest_route=\/wp\/v2\/pages"}],"about":[{"href":"https:\/\/www.reisetrottel.de\/index.php?rest_route=\/wp\/v2\/types\/page"}],"author":[{"embeddable":true,"href":"https:\/\/www.reisetrottel.de\/index.php?rest_route=\/wp\/v2\/users\/2"}],"replies":[{"embeddable":true,"href":"https:\/\/www.reisetrottel.de\/index.php?rest_route=%2Fwp%2Fv2%2Fcomments&post=9827"}],"version-history":[{"count":24,"href":"https:\/\/www.reisetrottel.de\/index.php?rest_route=\/wp\/v2\/pages\/9827\/revisions"}],"predecessor-version":[{"id":9863,"href":"https:\/\/www.reisetrottel.de\/index.php?rest_route=\/wp\/v2\/pages\/9827\/revisions\/9863"}],"wp:attachment":[{"href":"https:\/\/www.reisetrottel.de\/index.php?rest_route=%2Fwp%2Fv2%2Fmedia&parent=9827"}],"curies":[{"name":"wp","href":"https:\/\/api.w.org\/{rel}","templated":true}]}}